{"id":648,"date":"2023-11-10T17:50:19","date_gmt":"2023-11-10T16:50:19","guid":{"rendered":"https:\/\/maquicoruna.com\/contact\/"},"modified":"2025-04-19T16:59:01","modified_gmt":"2025-04-19T14:59:01","slug":"contacto","status":"publish","type":"page","link":"https:\/\/maquicoruna.com\/gl\/contacto\/","title":{"rendered":"Contacto"},"content":{"rendered":"<div data-elementor-type=\"wp-page\" data-elementor-id=\"648\" class=\"elementor elementor-648\">\n\t\t\t\t<div class=\"elementor-element elementor-element-c90497e e-con-full e-flex e-con e-parent\" data-id=\"c90497e\" data-element_type=\"container\" data-settings=\"{&quot;background_background&quot;:&quot;classic&quot;}\">\n\t\t\t\t<\/div>\n\t\t\t\t<section class=\"elementor-section elementor-top-section elementor-element elementor-element-787831de elementor-section-boxed elementor-section-height-default elementor-section-height-default\" data-id=\"787831de\" data-element_type=\"section\">\n\t\t\t\t\t\t<div class=\"elementor-container elementor-column-gap-default\">\n\t\t\t\t\t<div class=\"elementor-column elementor-col-100 elementor-top-column elementor-element elementor-element-31c3c2c4\" data-id=\"31c3c2c4\" data-element_type=\"column\">\n\t\t\t<div class=\"elementor-widget-wrap elementor-element-populated\">\n\t\t\t\t\t\t<div class=\"elementor-element elementor-element-656e2827 elementor-widget elementor-widget-heading\" data-id=\"656e2827\" data-element_type=\"widget\" data-widget_type=\"heading.default\">\n\t\t\t\t<div class=\"elementor-widget-container\">\n\t\t\t\t\t<h1 class=\"elementor-heading-title elementor-size-default\">Contacto<\/h1>\t\t\t\t<\/div>\n\t\t\t\t<\/div>\n\t\t\t\t\t<\/div>\n\t\t<\/div>\n\t\t\t\t\t<\/div>\n\t\t<\/section>\n\t\t\t\t<section class=\"elementor-section elementor-top-section elementor-element elementor-element-2614052 elementor-section-boxed elementor-section-height-default elementor-section-height-default\" data-id=\"2614052\" data-element_type=\"section\" data-settings=\"{&quot;background_background&quot;:&quot;classic&quot;}\">\n\t\t\t\t\t\t<div class=\"elementor-container elementor-column-gap-default\">\n\t\t\t\t\t<div class=\"elementor-column elementor-col-33 elementor-top-column elementor-element elementor-element-862965f\" data-id=\"862965f\" data-element_type=\"column\" data-settings=\"{&quot;background_background&quot;:&quot;classic&quot;}\">\n\t\t\t<div class=\"elementor-widget-wrap elementor-element-populated\">\n\t\t\t\t\t\t<div class=\"elementor-element elementor-element-e1abe68 elementor-view-stacked elementor-shape-circle elementor-position-top elementor-mobile-position-top elementor-widget elementor-widget-icon-box\" data-id=\"e1abe68\" data-element_type=\"widget\" data-widget_type=\"icon-box.default\">\n\t\t\t\t<div class=\"elementor-widget-container\">\n\t\t\t\t\t\t\t<div class=\"elementor-icon-box-wrapper\">\n\n\t\t\t\t\t\t<div class=\"elementor-icon-box-icon\">\n\t\t\t\t<span  class=\"elementor-icon\">\n\t\t\t\t<svg aria-hidden=\"true\" class=\"e-font-icon-svg e-fas-phone\" viewbox=\"0 0 512 512\" xmlns=\"http:\/\/www.w3.org\/2000\/svg\"><path d=\"M493.4 24.6l-104-24c-11.3-2.6-22.9 3.3-27.5 13.9l-48 112c-4.2 9.8-1.4 21.3 6.9 28l60.6 49.6c-36 76.7-98.9 140.5-177.2 177.2l-49.6-60.6c-6.8-8.3-18.2-11.1-28-6.9l-112 48C3.9 366.5-2 378.1.6 389.4l24 104C27.1 504.2 36.7 512 48 512c256.1 0 464-207.5 464-464 0-11.2-7.7-20.9-18.6-23.4z\"><\/path><\/svg>\t\t\t\t<\/span>\n\t\t\t<\/div>\n\t\t\t\n\t\t\t\t\t\t<div class=\"elementor-icon-box-content\">\n\n\t\t\t\t\t\t\t\t\t<h3 class=\"elementor-icon-box-title\">\n\t\t\t\t\t\t<span  >\n\t\t\t\t\t\t\tTel\u00e9fono\t\t\t\t\t\t<\/span>\n\t\t\t\t\t<\/h3>\n\t\t\t\t\n\t\t\t\t\n\t\t\t<\/div>\n\t\t\t\n\t\t<\/div>\n\t\t\t\t\t\t<\/div>\n\t\t\t\t<\/div>\n\t\t\t\t\t<\/div>\n\t\t<\/div>\n\t\t\t\t<div class=\"elementor-column elementor-col-33 elementor-top-column elementor-element elementor-element-5cd6fc7\" data-id=\"5cd6fc7\" data-element_type=\"column\" data-settings=\"{&quot;background_background&quot;:&quot;classic&quot;}\">\n\t\t\t<div class=\"elementor-widget-wrap elementor-element-populated\">\n\t\t\t\t\t\t<div class=\"elementor-element elementor-element-98ffd64 elementor-view-stacked elementor-shape-circle elementor-position-top elementor-mobile-position-top elementor-widget elementor-widget-icon-box\" data-id=\"98ffd64\" data-element_type=\"widget\" data-widget_type=\"icon-box.default\">\n\t\t\t\t<div class=\"elementor-widget-container\">\n\t\t\t\t\t\t\t<div class=\"elementor-icon-box-wrapper\">\n\n\t\t\t\t\t\t<div class=\"elementor-icon-box-icon\">\n\t\t\t\t<a href=\"mailto:info@maquicoru\u00f1a.com\" target=\"_blank\" class=\"elementor-icon\" tabindex=\"-1\" aria-label=\"Email\">\n\t\t\t\t<svg aria-hidden=\"true\" class=\"e-font-icon-svg e-far-envelope\" viewbox=\"0 0 512 512\" xmlns=\"http:\/\/www.w3.org\/2000\/svg\"><path d=\"M464 64H48C21.49 64 0 85.49 0 112v288c0 26.51 21.49 48 48 48h416c26.51 0 48-21.49 48-48V112c0-26.51-21.49-48-48-48zm0 48v40.805c-22.422 18.259-58.168 46.651-134.587 106.49-16.841 13.247-50.201 45.072-73.413 44.701-23.208.375-56.579-31.459-73.413-44.701C106.18 199.465 70.425 171.067 48 152.805V112h416zM48 400V214.398c22.914 18.251 55.409 43.862 104.938 82.646 21.857 17.205 60.134 55.186 103.062 54.955 42.717.231 80.509-37.199 103.053-54.947 49.528-38.783 82.032-64.401 104.947-82.653V400H48z\"><\/path><\/svg>\t\t\t\t<\/a>\n\t\t\t<\/div>\n\t\t\t\n\t\t\t\t\t\t<div class=\"elementor-icon-box-content\">\n\n\t\t\t\t\t\t\t\t\t<h3 class=\"elementor-icon-box-title\">\n\t\t\t\t\t\t<a href=\"mailto:info@maquicoru\u00f1a.com\" target=\"_blank\" >\n\t\t\t\t\t\t\tEmail\t\t\t\t\t\t<\/a>\n\t\t\t\t\t<\/h3>\n\t\t\t\t\n\t\t\t\t\n\t\t\t<\/div>\n\t\t\t\n\t\t<\/div>\n\t\t\t\t\t\t<\/div>\n\t\t\t\t<\/div>\n\t\t\t\t<div class=\"elementor-element elementor-element-25dd566 elementor-widget elementor-widget-text-editor\" data-id=\"25dd566\" data-element_type=\"widget\" data-widget_type=\"text-editor.default\">\n\t\t\t\t<div class=\"elementor-widget-container\">\n\t\t\t\t\t\t\t\t\t<p><a href=\"mailto:info@maquicoru\u00f1a.com\">info@maquicoru\u00f1a.com<\/a><\/p>\t\t\t\t\t\t\t\t<\/div>\n\t\t\t\t<\/div>\n\t\t\t\t\t<\/div>\n\t\t<\/div>\n\t\t\t\t<div class=\"elementor-column elementor-col-33 elementor-top-column elementor-element elementor-element-04fffb9\" data-id=\"04fffb9\" data-element_type=\"column\" data-settings=\"{&quot;background_background&quot;:&quot;classic&quot;}\">\n\t\t\t<div class=\"elementor-widget-wrap elementor-element-populated\">\n\t\t\t\t\t\t<div class=\"elementor-element elementor-element-80bee16 elementor-view-stacked elementor-shape-circle elementor-position-top elementor-mobile-position-top elementor-widget elementor-widget-icon-box\" data-id=\"80bee16\" data-element_type=\"widget\" data-widget_type=\"icon-box.default\">\n\t\t\t\t<div class=\"elementor-widget-container\">\n\t\t\t\t\t\t\t<div class=\"elementor-icon-box-wrapper\">\n\n\t\t\t\t\t\t<div class=\"elementor-icon-box-icon\">\n\t\t\t\t<span  class=\"elementor-icon\">\n\t\t\t\t<svg aria-hidden=\"true\" class=\"e-font-icon-svg e-fas-map-marker-alt\" viewbox=\"0 0 384 512\" xmlns=\"http:\/\/www.w3.org\/2000\/svg\"><path d=\"M172.268 501.67C26.97 291.031 0 269.413 0 192 0 85.961 85.961 0 192 0s192 85.961 192 192c0 77.413-26.97 99.031-172.268 309.67-9.535 13.774-29.93 13.773-39.464 0zM192 272c44.183 0 80-35.817 80-80s-35.817-80-80-80-80 35.817-80 80 35.817 80 80 80z\"><\/path><\/svg>\t\t\t\t<\/span>\n\t\t\t<\/div>\n\t\t\t\n\t\t\t\t\t\t<div class=\"elementor-icon-box-content\">\n\n\t\t\t\t\t\t\t\t\t<h3 class=\"elementor-icon-box-title\">\n\t\t\t\t\t\t<span  >\n\t\t\t\t\t\t\tEnderezo\t\t\t\t\t\t<\/span>\n\t\t\t\t\t<\/h3>\n\t\t\t\t\n\t\t\t\t\n\t\t\t<\/div>\n\t\t\t\n\t\t<\/div>\n\t\t\t\t\t\t<\/div>\n\t\t\t\t<\/div>\n\t\t\t\t<div class=\"elementor-element elementor-element-2340734 elementor-widget elementor-widget-text-editor\" data-id=\"2340734\" data-element_type=\"widget\" data-widget_type=\"text-editor.default\">\n\t\t\t\t<div class=\"elementor-widget-container\">\n\t\t\t\t\t\t\t\t\t<p>Av Cuarta n\u00ba10. Pol. Pocomaco<br \/>A Coru\u00f1a, 15190<\/p>\t\t\t\t\t\t\t\t<\/div>\n\t\t\t\t<\/div>\n\t\t\t\t\t<\/div>\n\t\t<\/div>\n\t\t\t\t\t<\/div>\n\t\t<\/section>\n\t\t\t\t<section class=\"elementor-section elementor-top-section elementor-element elementor-element-47611fd elementor-section-content-middle elementor-section-boxed elementor-section-height-default elementor-section-height-default\" data-id=\"47611fd\" data-element_type=\"section\" data-settings=\"{&quot;background_background&quot;:&quot;classic&quot;}\">\n\t\t\t\t\t\t<div class=\"elementor-container elementor-column-gap-default\">\n\t\t\t\t\t<div class=\"elementor-column elementor-col-100 elementor-top-column elementor-element elementor-element-3af0a2f\" data-id=\"3af0a2f\" data-element_type=\"column\" data-settings=\"{&quot;background_background&quot;:&quot;classic&quot;}\">\n\t\t\t<div class=\"elementor-widget-wrap elementor-element-populated\">\n\t\t\t\t\t\t<div class=\"elementor-element elementor-element-8b7ef3c elementor-widget elementor-widget-image\" data-id=\"8b7ef3c\" data-element_type=\"widget\" data-widget_type=\"image.default\">\n\t\t\t\t<div class=\"elementor-widget-container\">\n\t\t\t\t\t\t\t\t\t\t\t\t\t\t\t<img fetchpriority=\"high\" decoding=\"async\" width=\"512\" height=\"512\" src=\"https:\/\/maquicoruna.com\/wp-content\/uploads\/2025\/04\/cropped-maquicoruna.png\" class=\"attachment-full size-full wp-image-1648\" alt=\"\" srcset=\"https:\/\/maquicoruna.com\/wp-content\/uploads\/2025\/04\/cropped-maquicoruna.png 512w, https:\/\/maquicoruna.com\/wp-content\/uploads\/2025\/04\/cropped-maquicoruna-300x300.png 300w, https:\/\/maquicoruna.com\/wp-content\/uploads\/2025\/04\/cropped-maquicoruna-150x150.png 150w, https:\/\/maquicoruna.com\/wp-content\/uploads\/2025\/04\/cropped-maquicoruna-12x12.png 12w, https:\/\/maquicoruna.com\/wp-content\/uploads\/2025\/04\/cropped-maquicoruna-270x270.png 270w, https:\/\/maquicoruna.com\/wp-content\/uploads\/2025\/04\/cropped-maquicoruna-192x192.png 192w, https:\/\/maquicoruna.com\/wp-content\/uploads\/2025\/04\/cropped-maquicoruna-180x180.png 180w, https:\/\/maquicoruna.com\/wp-content\/uploads\/2025\/04\/cropped-maquicoruna-32x32.png 32w\" sizes=\"(max-width: 512px) 100vw, 512px\" \/>\t\t\t\t\t\t\t\t\t\t\t\t\t\t\t<\/div>\n\t\t\t\t<\/div>\n\t\t\t\t\t<\/div>\n\t\t<\/div>\n\t\t\t\t\t<\/div>\n\t\t<\/section>\n\t\t\t\t<\/div>","protected":false},"excerpt":{"rendered":"<p>Contacto Tel\u00e9fono Email info@maquicoru\u00f1a.com Direcci\u00f3n Av Cuarta n\u00ba10. Pol. PocomacoA Coru\u00f1a, 15190<\/p>","protected":false},"author":1,"featured_media":0,"parent":0,"menu_order":0,"comment_status":"closed","ping_status":"closed","template":"","meta":{"neve_meta_sidebar":"default","neve_meta_container":"full-width","neve_meta_enable_content_width":"","neve_meta_content_width":0,"neve_meta_title_alignment":"center","neve_meta_author_avatar":"","neve_post_elements_order":"","neve_meta_disable_header":"","neve_meta_disable_footer":"","neve_meta_disable_title":"on","neve_meta_reading_time":"","_ti_tpc_template_sync":false,"_ti_tpc_template_id":"","footnotes":""},"class_list":["post-648","page","type-page","status-publish","hentry"],"yoast_head":"<!-- This site is optimized with the Yoast SEO plugin v24.9 - https:\/\/yoast.com\/wordpress\/plugins\/seo\/ -->\n<title>Contacto - Maquicoru\u00f1a<\/title>\n<meta name=\"description\" content=\"Alquiler de maquinaria pesada para proyectos de construcci\u00f3n y excavaci\u00f3n. Aportamos experiencia en el sector, calidad, seguridad y eficiencia.\" \/>\n<meta name=\"robots\" content=\"index, follow, max-snippet:-1, max-image-preview:large, max-video-preview:-1\" \/>\n<link rel=\"canonical\" href=\"https:\/\/maquicoruna.com\/gl\/contacto\/\" \/>\n<meta property=\"og:locale\" content=\"gl_ES\" \/>\n<meta property=\"og:type\" content=\"article\" \/>\n<meta property=\"og:title\" content=\"Contacto - Maquicoru\u00f1a\" \/>\n<meta property=\"og:description\" content=\"Alquiler de maquinaria pesada para proyectos de construcci\u00f3n y excavaci\u00f3n. Aportamos experiencia en el sector, calidad, seguridad y eficiencia.\" \/>\n<meta property=\"og:url\" content=\"https:\/\/maquicoruna.com\/gl\/contacto\/\" \/>\n<meta property=\"og:site_name\" content=\"Maquicoru\u00f1a\" \/>\n<meta property=\"article:modified_time\" content=\"2025-04-19T14:59:01+00:00\" \/>\n<meta property=\"og:image\" content=\"http:\/\/maquicoruna.com\/wp-content\/uploads\/2025\/04\/cropped-maquicoruna.png\" \/>\n<meta name=\"twitter:card\" content=\"summary_large_image\" \/>\n<meta name=\"twitter:label1\" content=\"Tempo de lectura\" \/>\n\t<meta name=\"twitter:data1\" content=\"1 minuto\" \/>\n<script type=\"application\/ld+json\" class=\"yoast-schema-graph\">{\"@context\":\"https:\/\/schema.org\",\"@graph\":[{\"@type\":\"WebPage\",\"@id\":\"https:\/\/maquicoruna.com\/contacto\/\",\"url\":\"https:\/\/maquicoruna.com\/contacto\/\",\"name\":\"Contacto - Maquicoru\u00f1a\",\"isPartOf\":{\"@id\":\"https:\/\/maquicoruna.com\/#website\"},\"primaryImageOfPage\":{\"@id\":\"https:\/\/maquicoruna.com\/contacto\/#primaryimage\"},\"image\":{\"@id\":\"https:\/\/maquicoruna.com\/contacto\/#primaryimage\"},\"thumbnailUrl\":\"http:\/\/maquicoruna.com\/wp-content\/uploads\/2025\/04\/cropped-maquicoruna.png\",\"datePublished\":\"2023-11-10T16:50:19+00:00\",\"dateModified\":\"2025-04-19T14:59:01+00:00\",\"description\":\"Alquiler de maquinaria pesada para proyectos de construcci\u00f3n y excavaci\u00f3n. Aportamos experiencia en el sector, calidad, seguridad y eficiencia.\",\"breadcrumb\":{\"@id\":\"https:\/\/maquicoruna.com\/contacto\/#breadcrumb\"},\"inLanguage\":\"gl-ES\",\"potentialAction\":[{\"@type\":\"ReadAction\",\"target\":[\"https:\/\/maquicoruna.com\/contacto\/\"]}]},{\"@type\":\"ImageObject\",\"inLanguage\":\"gl-ES\",\"@id\":\"https:\/\/maquicoruna.com\/contacto\/#primaryimage\",\"url\":\"http:\/\/maquicoruna.com\/wp-content\/uploads\/2025\/04\/cropped-maquicoruna.png\",\"contentUrl\":\"http:\/\/maquicoruna.com\/wp-content\/uploads\/2025\/04\/cropped-maquicoruna.png\"},{\"@type\":\"BreadcrumbList\",\"@id\":\"https:\/\/maquicoruna.com\/contacto\/#breadcrumb\",\"itemListElement\":[{\"@type\":\"ListItem\",\"position\":1,\"name\":\"Home\",\"item\":\"https:\/\/maquicoruna.com\/\"},{\"@type\":\"ListItem\",\"position\":2,\"name\":\"Contacto\"}]},{\"@type\":\"WebSite\",\"@id\":\"https:\/\/maquicoruna.com\/#website\",\"url\":\"https:\/\/maquicoruna.com\/\",\"name\":\"Maquicoru\u00f1a\",\"description\":\"Maquicoru\u00f1a\",\"publisher\":{\"@id\":\"https:\/\/maquicoruna.com\/#organization\"},\"potentialAction\":[{\"@type\":\"SearchAction\",\"target\":{\"@type\":\"EntryPoint\",\"urlTemplate\":\"https:\/\/maquicoruna.com\/?s={search_term_string}\"},\"query-input\":{\"@type\":\"PropertyValueSpecification\",\"valueRequired\":true,\"valueName\":\"search_term_string\"}}],\"inLanguage\":\"gl-ES\"},{\"@type\":\"Organization\",\"@id\":\"https:\/\/maquicoruna.com\/#organization\",\"name\":\"Maquicoru\u00f1a\",\"url\":\"https:\/\/maquicoruna.com\/\",\"logo\":{\"@type\":\"ImageObject\",\"inLanguage\":\"gl-ES\",\"@id\":\"https:\/\/maquicoruna.com\/#\/schema\/logo\/image\/\",\"url\":\"http:\/\/maquicoruna.com\/wp-content\/uploads\/2025\/04\/cropped-maquicoruna.png\",\"contentUrl\":\"http:\/\/maquicoruna.com\/wp-content\/uploads\/2025\/04\/cropped-maquicoruna.png\",\"width\":512,\"height\":512,\"caption\":\"Maquicoru\u00f1a\"},\"image\":{\"@id\":\"https:\/\/maquicoruna.com\/#\/schema\/logo\/image\/\"}}]}<\/script>\n<!-- \/ Yoast SEO plugin. -->","yoast_head_json":{"title":"Contacto - Maquicoru\u00f1a","description":"Alquiler de maquinaria pesada para proyectos de construcci\u00f3n y excavaci\u00f3n. Aportamos experiencia en el sector, calidad, seguridad y eficiencia.","robots":{"index":"index","follow":"follow","max-snippet":"max-snippet:-1","max-image-preview":"max-image-preview:large","max-video-preview":"max-video-preview:-1"},"canonical":"https:\/\/maquicoruna.com\/gl\/contacto\/","og_locale":"gl_ES","og_type":"article","og_title":"Contacto - Maquicoru\u00f1a","og_description":"Alquiler de maquinaria pesada para proyectos de construcci\u00f3n y excavaci\u00f3n. Aportamos experiencia en el sector, calidad, seguridad y eficiencia.","og_url":"https:\/\/maquicoruna.com\/gl\/contacto\/","og_site_name":"Maquicoru\u00f1a","article_modified_time":"2025-04-19T14:59:01+00:00","og_image":[{"url":"http:\/\/maquicoruna.com\/wp-content\/uploads\/2025\/04\/cropped-maquicoruna.png","type":"","width":"","height":""}],"twitter_card":"summary_large_image","twitter_misc":{"Tempo de lectura":"1 minuto"},"schema":{"@context":"https:\/\/schema.org","@graph":[{"@type":"WebPage","@id":"https:\/\/maquicoruna.com\/contacto\/","url":"https:\/\/maquicoruna.com\/contacto\/","name":"Contacto - Maquicoru\u00f1a","isPartOf":{"@id":"https:\/\/maquicoruna.com\/#website"},"primaryImageOfPage":{"@id":"https:\/\/maquicoruna.com\/contacto\/#primaryimage"},"image":{"@id":"https:\/\/maquicoruna.com\/contacto\/#primaryimage"},"thumbnailUrl":"http:\/\/maquicoruna.com\/wp-content\/uploads\/2025\/04\/cropped-maquicoruna.png","datePublished":"2023-11-10T16:50:19+00:00","dateModified":"2025-04-19T14:59:01+00:00","description":"Alquiler de maquinaria pesada para proyectos de construcci\u00f3n y excavaci\u00f3n. Aportamos experiencia en el sector, calidad, seguridad y eficiencia.","breadcrumb":{"@id":"https:\/\/maquicoruna.com\/contacto\/#breadcrumb"},"inLanguage":"gl-ES","potentialAction":[{"@type":"ReadAction","target":["https:\/\/maquicoruna.com\/contacto\/"]}]},{"@type":"ImageObject","inLanguage":"gl-ES","@id":"https:\/\/maquicoruna.com\/contacto\/#primaryimage","url":"http:\/\/maquicoruna.com\/wp-content\/uploads\/2025\/04\/cropped-maquicoruna.png","contentUrl":"http:\/\/maquicoruna.com\/wp-content\/uploads\/2025\/04\/cropped-maquicoruna.png"},{"@type":"BreadcrumbList","@id":"https:\/\/maquicoruna.com\/contacto\/#breadcrumb","itemListElement":[{"@type":"ListItem","position":1,"name":"Home","item":"https:\/\/maquicoruna.com\/"},{"@type":"ListItem","position":2,"name":"Contacto"}]},{"@type":"WebSite","@id":"https:\/\/maquicoruna.com\/#website","url":"https:\/\/maquicoruna.com\/","name":"Maquicoru\u00f1a","description":"Maquicoru\u00f1a","publisher":{"@id":"https:\/\/maquicoruna.com\/#organization"},"potentialAction":[{"@type":"SearchAction","target":{"@type":"EntryPoint","urlTemplate":"https:\/\/maquicoruna.com\/?s={search_term_string}"},"query-input":{"@type":"PropertyValueSpecification","valueRequired":true,"valueName":"search_term_string"}}],"inLanguage":"gl-ES"},{"@type":"Organization","@id":"https:\/\/maquicoruna.com\/#organization","name":"Maquicoru\u00f1a","url":"https:\/\/maquicoruna.com\/","logo":{"@type":"ImageObject","inLanguage":"gl-ES","@id":"https:\/\/maquicoruna.com\/#\/schema\/logo\/image\/","url":"http:\/\/maquicoruna.com\/wp-content\/uploads\/2025\/04\/cropped-maquicoruna.png","contentUrl":"http:\/\/maquicoruna.com\/wp-content\/uploads\/2025\/04\/cropped-maquicoruna.png","width":512,"height":512,"caption":"Maquicoru\u00f1a"},"image":{"@id":"https:\/\/maquicoruna.com\/#\/schema\/logo\/image\/"}}]}},"_links":{"self":[{"href":"https:\/\/maquicoruna.com\/gl\/wp-json\/wp\/v2\/pages\/648","targetHints":{"allow":["GET"]}}],"collection":[{"href":"https:\/\/maquicoruna.com\/gl\/wp-json\/wp\/v2\/pages"}],"about":[{"href":"https:\/\/maquicoruna.com\/gl\/wp-json\/wp\/v2\/types\/page"}],"author":[{"embeddable":true,"href":"https:\/\/maquicoruna.com\/gl\/wp-json\/wp\/v2\/users\/1"}],"replies":[{"embeddable":true,"href":"https:\/\/maquicoruna.com\/gl\/wp-json\/wp\/v2\/comments?post=648"}],"version-history":[{"count":95,"href":"https:\/\/maquicoruna.com\/gl\/wp-json\/wp\/v2\/pages\/648\/revisions"}],"predecessor-version":[{"id":1679,"href":"https:\/\/maquicoruna.com\/gl\/wp-json\/wp\/v2\/pages\/648\/revisions\/1679"}],"wp:attachment":[{"href":"https:\/\/maquicoruna.com\/gl\/wp-json\/wp\/v2\/media?parent=648"}],"curies":[{"name":"wp","href":"https:\/\/api.w.org\/{rel}","templated":true}]}}